{"id":1092,"date":"2023-03-13T01:37:55","date_gmt":"2023-03-13T06:37:55","guid":{"rendered":"https:\/\/rgvbusinessbuilders.com\/sobre-nosotros\/asociaciones\/"},"modified":"2025-12-17T17:53:57","modified_gmt":"2025-12-17T23:53:57","slug":"asociaciones","status":"publish","type":"page","link":"https:\/\/rgvbusinessbuilders.com\/es\/sobre-nosotros\/asociaciones\/","title":{"rendered":"Asociaciones"},"content":{"rendered":"<p><div class=\"fusion-fullwidth fullwidth-box fusion-builder-row-1 fusion-flex-container has-pattern-background has-mask-background nonhundred-percent-fullwidth non-hundred-percent-height-scrolling\" style=\"--awb-border-radius-top-left:0px;--awb-border-radius-top-right:0px;--awb-border-radius-bottom-right:0px;--awb-border-radius-bottom-left:0px;--awb-flex-wrap:wrap;\" ><div class=\"fusion-builder-row fusion-row fusion-flex-align-items-flex-start fusion-flex-content-wrap\" style=\"max-width:1248px;margin-left: calc(-4% \/ 2 );margin-right: calc(-4% \/ 2 );\"><div class=\"fusion-layout-column fusion_builder_column fusion-builder-column-0 fusion_builder_column_1_1 1_1 fusion-flex-column\" style=\"--awb-bg-size:cover;--awb-width-large:100%;--awb-margin-top-large:0px;--awb-spacing-right-large:1.92%;--awb-margin-bottom-large:20px;--awb-spacing-left-large:1.92%;--awb-width-medium:100%;--awb-order-medium:0;--awb-spacing-right-medium:1.92%;--awb-spacing-left-medium:1.92%;--awb-width-small:100%;--awb-order-small:0;--awb-spacing-right-small:1.92%;--awb-spacing-left-small:1.92%;\"><div class=\"fusion-column-wrapper fusion-column-has-shadow fusion-flex-justify-content-flex-start fusion-content-layout-column\"><div class=\"fusion-text fusion-text-1\"><p>El \u00e9xito de RGV Business Builders se basa en la solidez de las asociaciones que hemos cultivado. Nuestros socios agregan valor a nuestros clientes para ayudarlos a lograr la creaci\u00f3n de cr\u00e9dito comercial<\/p>\n<\/div><\/div><\/div><\/div><\/div><div class=\"fusion-fullwidth fullwidth-box fusion-builder-row-2 fusion-flex-container has-pattern-background has-mask-background nonhundred-percent-fullwidth non-hundred-percent-height-scrolling\" style=\"--awb-border-radius-top-left:0px;--awb-border-radius-top-right:0px;--awb-border-radius-bottom-right:0px;--awb-border-radius-bottom-left:0px;--awb-flex-wrap:wrap;\" ><div class=\"fusion-builder-row fusion-row fusion-flex-align-items-flex-start fusion-flex-content-wrap\" style=\"max-width:1248px;margin-left: calc(-4% \/ 2 );margin-right: calc(-4% \/ 2 );\"><div class=\"fusion-layout-column fusion_builder_column fusion-builder-column-1 fusion_builder_column_1_4 1_4 fusion-flex-column\" style=\"--awb-bg-size:cover;--awb-width-large:25%;--awb-margin-top-large:0px;--awb-spacing-right-large:7.68%;--awb-margin-bottom-large:20px;--awb-spacing-left-large:7.68%;--awb-width-medium:25%;--awb-order-medium:0;--awb-spacing-right-medium:7.68%;--awb-spacing-left-medium:7.68%;--awb-width-small:100%;--awb-order-small:0;--awb-spacing-right-small:1.92%;--awb-spacing-left-small:1.92%;\"><div class=\"fusion-column-wrapper fusion-column-has-shadow fusion-flex-justify-content-flex-start fusion-content-layout-column\"><div class=\"fusion-image-element \" style=\"--awb-caption-title-font-family:var(--h2_typography-font-family);--awb-caption-title-font-weight:var(--h2_typography-font-weight);--awb-caption-title-font-style:var(--h2_typography-font-style);--awb-caption-title-size:var(--h2_typography-font-size);--awb-caption-title-transform:var(--h2_typography-text-transform);--awb-caption-title-line-height:var(--h2_typography-line-height);--awb-caption-title-letter-spacing:var(--h2_typography-letter-spacing);\"><span class=\" fusion-imageframe imageframe-none imageframe-1 hover-type-none\"><img decoding=\"async\" width=\"300\" height=\"107\" alt=\"Servicios de cr\u00e9dito supremo\" title=\"Supreme Credit Services\" src=\"https:\/\/rgvbusinessbuilders.com\/wp-content\/uploads\/2023\/05\/supreme_credit_services.jpg\" data-orig-src=\"https:\/\/rgvbusinessbuilders.com\/wp-content\/uploads\/2023\/05\/supreme_credit_services.jpg\" class=\"lazyload img-responsive wp-image-1080\" srcset=\"data:image\/svg+xml,%3Csvg%20xmlns%3D%27http%3A%2F%2Fwww.w3.org%2F2000%2Fsvg%27%20width%3D%27300%27%20height%3D%27107%27%20viewBox%3D%270%200%20300%20107%27%3E%3Crect%20width%3D%27300%27%20height%3D%27107%27%20fill-opacity%3D%220%22%2F%3E%3C%2Fsvg%3E\" data-srcset=\"https:\/\/rgvbusinessbuilders.com\/wp-content\/uploads\/2023\/05\/supreme_credit_services-200x71.jpg 200w, https:\/\/rgvbusinessbuilders.com\/wp-content\/uploads\/2023\/05\/supreme_credit_services.jpg 300w\" data-sizes=\"auto\" data-orig-sizes=\"(max-width: 640px) 100vw, 300px\" \/><\/span><\/div><\/div><\/div><div class=\"fusion-layout-column fusion_builder_column fusion-builder-column-2 fusion_builder_column_3_4 3_4 fusion-flex-column\" style=\"--awb-bg-size:cover;--awb-width-large:75%;--awb-margin-top-large:0px;--awb-spacing-right-large:2.56%;--awb-margin-bottom-large:20px;--awb-spacing-left-large:2.56%;--awb-width-medium:75%;--awb-order-medium:0;--awb-spacing-right-medium:2.56%;--awb-spacing-left-medium:2.56%;--awb-width-small:100%;--awb-order-small:0;--awb-spacing-right-small:1.92%;--awb-spacing-left-small:1.92%;\"><div class=\"fusion-column-wrapper fusion-column-has-shadow fusion-flex-justify-content-flex-start fusion-content-layout-column\"><div class=\"fusion-text fusion-text-2\"><h2>Gran Joe | Servicios de cr\u00e9dito supremo<\/h2>\n<p>Llevamos muchos a\u00f1os ayudando a personas con su cr\u00e9dito al consumo. Tenemos la mejor experiencia en evaluar cr\u00e9dito y guiar a los consumidores a hacer valer sus derechos legales. Lo hacemos todos los d\u00edas! Garantizamos honestidad y seriedad. Virtudes que la mayor\u00eda de la gente parece haber olvidado. Las empresas de reparaci\u00f3n de cr\u00e9dito no pueden hacer nada que usted no pueda hacer por s\u00ed mismo, pero podemos ayudarlo a lograr resultados en una fracci\u00f3n del tiempo sin cometer errores costosos.<\/p>\n<h3 style=\"text-align: right;\"><a href=\"\" target=\"_blank\" rel=\"noopener\"><strong>Sitio web<\/strong><\/a><\/h3>\n<\/div><\/div><\/div><\/div><\/div><div class=\"fusion-fullwidth fullwidth-box fusion-builder-row-3 fusion-flex-container has-pattern-background has-mask-background nonhundred-percent-fullwidth non-hundred-percent-height-scrolling\" style=\"--awb-border-radius-top-left:0px;--awb-border-radius-top-right:0px;--awb-border-radius-bottom-right:0px;--awb-border-radius-bottom-left:0px;--awb-flex-wrap:wrap;\" ><div class=\"fusion-builder-row fusion-row fusion-flex-align-items-flex-start fusion-flex-content-wrap\" style=\"max-width:1248px;margin-left: calc(-4% \/ 2 );margin-right: calc(-4% \/ 2 );\"><div class=\"fusion-layout-column fusion_builder_column fusion-builder-column-3 fusion_builder_column_1_4 1_4 fusion-flex-column\" style=\"--awb-bg-size:cover;--awb-width-large:25%;--awb-margin-top-large:0px;--awb-spacing-right-large:7.68%;--awb-margin-bottom-large:20px;--awb-spacing-left-large:7.68%;--awb-width-medium:25%;--awb-order-medium:0;--awb-spacing-right-medium:7.68%;--awb-spacing-left-medium:7.68%;--awb-width-small:100%;--awb-order-small:0;--awb-spacing-right-small:1.92%;--awb-spacing-left-small:1.92%;\"><div class=\"fusion-column-wrapper fusion-column-has-shadow fusion-flex-justify-content-flex-start fusion-content-layout-column\"><div class=\"fusion-image-element \" style=\"--awb-caption-title-font-family:var(--h2_typography-font-family);--awb-caption-title-font-weight:var(--h2_typography-font-weight);--awb-caption-title-font-style:var(--h2_typography-font-style);--awb-caption-title-size:var(--h2_typography-font-size);--awb-caption-title-transform:var(--h2_typography-text-transform);--awb-caption-title-line-height:var(--h2_typography-line-height);--awb-caption-title-letter-spacing:var(--h2_typography-letter-spacing);\"><span class=\" fusion-imageframe imageframe-none imageframe-2 hover-type-none\"><a class=\"fusion-no-lightbox\" href=\"https:\/\/texascreditlaw.com\" target=\"_blank\" aria-label=\"J Gannon Helstowski Law Firm\" rel=\"noopener noreferrer\"><img decoding=\"async\" width=\"250\" height=\"94\" alt=\"J Gannon Helstowski Law Firm\" src=\"https:\/\/rgvbusinessbuilders.com\/wp-content\/uploads\/2023\/05\/jgh_logo.png\" data-orig-src=\"https:\/\/rgvbusinessbuilders.com\/wp-content\/uploads\/2023\/05\/jgh_logo.png\" class=\"lazyload img-responsive wp-image-1081\" srcset=\"data:image\/svg+xml,%3Csvg%20xmlns%3D%27http%3A%2F%2Fwww.w3.org%2F2000%2Fsvg%27%20width%3D%27250%27%20height%3D%2794%27%20viewBox%3D%270%200%20250%2094%27%3E%3Crect%20width%3D%27250%27%20height%3D%2794%27%20fill-opacity%3D%220%22%2F%3E%3C%2Fsvg%3E\" data-srcset=\"https:\/\/rgvbusinessbuilders.com\/wp-content\/uploads\/2023\/05\/jgh_logo-200x75.png 200w, https:\/\/rgvbusinessbuilders.com\/wp-content\/uploads\/2023\/05\/jgh_logo.png 250w\" data-sizes=\"auto\" data-orig-sizes=\"(max-width: 640px) 100vw, 250px\" \/><\/a><\/span><\/div><\/div><\/div><div class=\"fusion-layout-column fusion_builder_column fusion-builder-column-4 fusion_builder_column_3_4 3_4 fusion-flex-column\" style=\"--awb-bg-size:cover;--awb-width-large:75%;--awb-margin-top-large:0px;--awb-spacing-right-large:2.56%;--awb-margin-bottom-large:20px;--awb-spacing-left-large:2.56%;--awb-width-medium:75%;--awb-order-medium:0;--awb-spacing-right-medium:2.56%;--awb-spacing-left-medium:2.56%;--awb-width-small:100%;--awb-order-small:0;--awb-spacing-right-small:1.92%;--awb-spacing-left-small:1.92%;\"><div class=\"fusion-column-wrapper fusion-column-has-shadow fusion-flex-justify-content-flex-start fusion-content-layout-column\"><div class=\"fusion-text fusion-text-3\"><h2>J. Gannon Helstowski Law Firm<\/h2>\n<p>Desde 2015, el bufete de abogados J. Gannon Helstowski ha estado ayudando a los clientes a alcanzar sus objetivos. <a href=\"\" target=\"_blank\" rel=\"noopener\">John Helstowski<\/a> ayuda a los clientes a comprender mejor c\u00f3mo formar sus corporaciones y c\u00f3mo operar dentro de ellas para maximizar su eficacia y minimizar su responsabilidad. Representa a los clientes cuando son <a href=\"\" target=\"_blank\" rel=\"noopener\">demandados por los acreedores.<\/a> <a href=\"https:\/\/texascreditlaw.com\/collection_violations\/fdcpa_violations\/\" target=\"_blank\" rel=\"noopener\">Demanda a los cobradores<\/a> de deudas por da\u00f1ar a los consumidores de Texas.<\/p>\n<h3 style=\"text-align: right;\"><a href=\"\" target=\"_blank\" rel=\"noopener\">Sitio web<\/a><\/h3>\n<\/div><\/div><\/div><\/div><\/div><\/p>\n","protected":false},"excerpt":{"rendered":"","protected":false},"author":1,"featured_media":0,"parent":1086,"menu_order":0,"comment_status":"closed","ping_status":"open","template":"","meta":{"footnotes":""},"class_list":["post-1092","page","type-page","status-publish","hentry"],"_links":{"self":[{"href":"https:\/\/rgvbusinessbuilders.com\/es\/wp-json\/wp\/v2\/pages\/1092","targetHints":{"allow":["GET"]}}],"collection":[{"href":"https:\/\/rgvbusinessbuilders.com\/es\/wp-json\/wp\/v2\/pages"}],"about":[{"href":"https:\/\/rgvbusinessbuilders.com\/es\/wp-json\/wp\/v2\/types\/page"}],"author":[{"embeddable":true,"href":"https:\/\/rgvbusinessbuilders.com\/es\/wp-json\/wp\/v2\/users\/1"}],"replies":[{"embeddable":true,"href":"https:\/\/rgvbusinessbuilders.com\/es\/wp-json\/wp\/v2\/comments?post=1092"}],"version-history":[{"count":2,"href":"https:\/\/rgvbusinessbuilders.com\/es\/wp-json\/wp\/v2\/pages\/1092\/revisions"}],"predecessor-version":[{"id":2172,"href":"https:\/\/rgvbusinessbuilders.com\/es\/wp-json\/wp\/v2\/pages\/1092\/revisions\/2172"}],"up":[{"embeddable":true,"href":"https:\/\/rgvbusinessbuilders.com\/es\/wp-json\/wp\/v2\/pages\/1086"}],"wp:attachment":[{"href":"https:\/\/rgvbusinessbuilders.com\/es\/wp-json\/wp\/v2\/media?parent=1092"}],"curies":[{"name":"wp","href":"https:\/\/api.w.org\/{rel}","templated":true}]}}