{"id":1102,"date":"2023-03-11T21:25:17","date_gmt":"2023-03-11T21:25:17","guid":{"rendered":"https:\/\/rgvbusinessbuilders.com\/divulgacion-de-afiliados\/"},"modified":"2023-05-04T14:57:34","modified_gmt":"2023-05-04T14:57:34","slug":"divulgacion-de-afiliados","status":"publish","type":"page","link":"https:\/\/rgvbusinessbuilders.com\/es\/divulgacion-de-afiliados\/","title":{"rendered":"Divulgaci\u00f3n de afiliados"},"content":{"rendered":"<div class=\"fusion-fullwidth fullwidth-box fusion-builder-row-1 fusion-flex-container nonhundred-percent-fullwidth non-hundred-percent-height-scrolling\" style=\"--awb-border-radius-top-left:0px;--awb-border-radius-top-right:0px;--awb-border-radius-bottom-right:0px;--awb-border-radius-bottom-left:0px;--awb-flex-wrap:wrap;\" ><div class=\"fusion-builder-row fusion-row fusion-flex-align-items-flex-start fusion-flex-content-wrap\" style=\"max-width:1248px;margin-left: calc(-4% \/ 2 );margin-right: calc(-4% \/ 2 );\"><div class=\"fusion-layout-column fusion_builder_column fusion-builder-column-0 fusion_builder_column_1_1 1_1 fusion-flex-column\" style=\"--awb-bg-size:cover;--awb-width-large:100%;--awb-margin-top-large:0px;--awb-spacing-right-large:1.92%;--awb-margin-bottom-large:0px;--awb-spacing-left-large:1.92%;--awb-width-medium:100%;--awb-spacing-right-medium:1.92%;--awb-spacing-left-medium:1.92%;--awb-width-small:100%;--awb-spacing-right-small:1.92%;--awb-spacing-left-small:1.92%;\"><div class=\"fusion-column-wrapper fusion-flex-justify-content-flex-start fusion-content-layout-column\"><div class=\"fusion-text fusion-text-1\"><p>Nuestro objetivo siempre es proporcionar recomendaciones imparciales de productos y servicios. Algunos productos y servicios no nos compensan pero los recomendamos. Divulgaremos los servicios que se nos compensa por recomendar. Necesitamos pagar nuestros equipos y los costos del sitio web, por lo que ganamos dinero de varias maneras. A veces usamos enlaces de afiliados a productos y servicios en sitios de minoristas por los cuales podemos recibir una compensaci\u00f3n si hace clic en esos enlaces o realiza compras a trav\u00e9s de ellos. Cuando este es el caso, el contenido est\u00e1 claramente marcado como patrocinado o promocionado, por lo que siempre sabr\u00e1 qu\u00e9 contenido se nos compensa por nuestra recomendaci\u00f3n y cu\u00e1l no. RGV Business Builders LLC es nuestra empresa matriz y tiene una p\u00e1gina detallada de t\u00e9rminos y condiciones con mucha m\u00e1s informaci\u00f3n que puede leer <a href=\"https:\/\/rgvbusinessbuilders.com\/es\/terminos-de-servicio\/\">aqu\u00ed<\/a>.<\/p>\n<\/div><\/div><\/div><\/div><\/div>\n","protected":false},"excerpt":{"rendered":"","protected":false},"author":1,"featured_media":0,"parent":0,"menu_order":0,"comment_status":"closed","ping_status":"open","template":"","meta":{"footnotes":""},"class_list":["post-1102","page","type-page","status-publish","hentry"],"_links":{"self":[{"href":"https:\/\/rgvbusinessbuilders.com\/es\/wp-json\/wp\/v2\/pages\/1102","targetHints":{"allow":["GET"]}}],"collection":[{"href":"https:\/\/rgvbusinessbuilders.com\/es\/wp-json\/wp\/v2\/pages"}],"about":[{"href":"https:\/\/rgvbusinessbuilders.com\/es\/wp-json\/wp\/v2\/types\/page"}],"author":[{"embeddable":true,"href":"https:\/\/rgvbusinessbuilders.com\/es\/wp-json\/wp\/v2\/users\/1"}],"replies":[{"embeddable":true,"href":"https:\/\/rgvbusinessbuilders.com\/es\/wp-json\/wp\/v2\/comments?post=1102"}],"version-history":[{"count":0,"href":"https:\/\/rgvbusinessbuilders.com\/es\/wp-json\/wp\/v2\/pages\/1102\/revisions"}],"wp:attachment":[{"href":"https:\/\/rgvbusinessbuilders.com\/es\/wp-json\/wp\/v2\/media?parent=1102"}],"curies":[{"name":"wp","href":"https:\/\/api.w.org\/{rel}","templated":true}]}}