{"id":1162,"date":"2023-03-29T18:50:39","date_gmt":"2023-03-29T23:50:39","guid":{"rendered":"https:\/\/rgvbusinessbuilders.com\/soluciones\/registrese-para-reparacion-de-credito-comercial\/"},"modified":"2023-05-04T15:18:50","modified_gmt":"2023-05-04T15:18:50","slug":"registrese-para-reparacion-de-credito-comercial","status":"publish","type":"page","link":"https:\/\/rgvbusinessbuilders.com\/es\/soluciones\/registrese-para-reparacion-de-credito-comercial\/","title":{"rendered":"Reg\u00edstrese para reparaci\u00f3n de cr\u00e9dito comercial"},"content":{"rendered":"<p><div class=\"fusion-fullwidth fullwidth-box fusion-builder-row-1 fusion-flex-container has-pattern-background has-mask-background nonhundred-percent-fullwidth non-hundred-percent-height-scrolling\" style=\"--awb-border-radius-top-left:0px;--awb-border-radius-top-right:0px;--awb-border-radius-bottom-right:0px;--awb-border-radius-bottom-left:0px;--awb-flex-wrap:wrap;\" ><div class=\"fusion-builder-row fusion-row fusion-flex-align-items-flex-start fusion-flex-content-wrap\" style=\"max-width:1248px;margin-left: calc(-4% \/ 2 );margin-right: calc(-4% \/ 2 );\"><div class=\"fusion-layout-column fusion_builder_column fusion-builder-column-0 fusion_builder_column_2_3 2_3 fusion-flex-column\" style=\"--awb-bg-size:cover;--awb-width-large:66.666666666667%;--awb-margin-top-large:0px;--awb-spacing-right-large:2.88%;--awb-margin-bottom-large:20px;--awb-spacing-left-large:2.88%;--awb-width-medium:66.666666666667%;--awb-order-medium:0;--awb-spacing-right-medium:2.88%;--awb-spacing-left-medium:2.88%;--awb-width-small:100%;--awb-order-small:0;--awb-spacing-right-small:1.92%;--awb-spacing-left-small:1.92%;\"><div class=\"fusion-column-wrapper fusion-column-has-shadow fusion-flex-justify-content-flex-start fusion-content-layout-column\"><div class=\"fusion-text fusion-text-1\"><h3>El primer paso para construir un mejor cr\u00e9dito comercial es contratarnos para que lo ayudemos.<\/h3>\n<p><strong>Las ventajas de contratar RGV Business Builders son<\/strong><\/p>\n<ol>\n<li><strong>Nosotros hacemos el trabajo por ti.<\/strong> No le entregamos un inicio de sesi\u00f3n en un sitio web y lo dejamos ir.<\/li>\n<li><strong>Nos referimos a abogados<\/strong> cuando es necesario.<\/li>\n<li><strong>El portal del cliente le permite acceder las 24 horas del d\u00eda<\/strong>, los 7 d\u00edas de la semana, a las actualizaciones y su progreso.<\/li>\n<li><strong>Somos locales<\/strong> y tenemos una oficina en McAllen<\/li>\n<li><strong>Nuestra experiencia lo guiar\u00e1<\/strong> a mejores puntajes de cr\u00e9dito comercial m\u00e1s r\u00e1pido<\/li>\n<\/ol>\n<\/div><div style=\"text-align:center;\"><a class=\"fusion-button button-flat fusion-button-default-size button-default fusion-button-default button-1 fusion-button-default-span fusion-button-default-type\" target=\"_self\" href=\"https:\/\/signnow.com\/s\/kQhQ1FZ4\"><span class=\"fusion-button-text awb-button__text awb-button__text--default\">REG\u00cdSTRESE AHORA PARA UNA MEJOR REPARACI\u00d3N DE CR\u00c9DITO COMERCIAL<\/span><\/a><\/div><\/div><\/div><div class=\"fusion-layout-column fusion_builder_column fusion-builder-column-1 fusion_builder_column_1_3 1_3 fusion-flex-column\" style=\"--awb-bg-size:cover;--awb-width-large:33.333333333333%;--awb-margin-top-large:0px;--awb-spacing-right-large:5.76%;--awb-margin-bottom-large:20px;--awb-spacing-left-large:5.76%;--awb-width-medium:33.333333333333%;--awb-order-medium:0;--awb-spacing-right-medium:5.76%;--awb-spacing-left-medium:5.76%;--awb-width-small:100%;--awb-order-small:0;--awb-spacing-right-small:1.92%;--awb-spacing-left-small:1.92%;\"><div class=\"fusion-column-wrapper fusion-column-has-shadow fusion-flex-justify-content-flex-start fusion-content-layout-column\"><div class=\"fusion-image-element \" style=\"text-align:center;--awb-caption-title-font-family:var(--h2_typography-font-family);--awb-caption-title-font-weight:var(--h2_typography-font-weight);--awb-caption-title-font-style:var(--h2_typography-font-style);--awb-caption-title-size:var(--h2_typography-font-size);--awb-caption-title-transform:var(--h2_typography-text-transform);--awb-caption-title-line-height:var(--h2_typography-line-height);--awb-caption-title-letter-spacing:var(--h2_typography-letter-spacing);\"><span class=\" fusion-imageframe imageframe-none imageframe-1 hover-type-zoomin\" style=\"border:1px solid var(--awb-color6);\"><a class=\"fusion-no-lightbox\" href=\"https:\/\/signnow.com\/s\/kQhQ1FZ4\" target=\"_self\" aria-label=\"RGV Business Credit Repair\"><img decoding=\"async\" width=\"222\" height=\"300\" alt=\"Contrato RGV Business\" src=\"https:\/\/rgvbusinessbuilders.com\/wp-content\/uploads\/2023\/05\/business_credit_report_repair.jpg\" data-orig-src=\"https:\/\/rgvbusinessbuilders.com\/wp-content\/uploads\/2023\/05\/business_credit_report_repair-222x300.jpg\" class=\"lazyload img-responsive wp-image-1085\" srcset=\"data:image\/svg+xml,%3Csvg%20xmlns%3D%27http%3A%2F%2Fwww.w3.org%2F2000%2Fsvg%27%20width%3D%27549%27%20height%3D%27741%27%20viewBox%3D%270%200%20549%20741%27%3E%3Crect%20width%3D%27549%27%20height%3D%27741%27%20fill-opacity%3D%220%22%2F%3E%3C%2Fsvg%3E\" data-srcset=\"https:\/\/rgvbusinessbuilders.com\/wp-content\/uploads\/2023\/05\/business_credit_report_repair-200x270.jpg 200w, https:\/\/rgvbusinessbuilders.com\/wp-content\/uploads\/2023\/05\/business_credit_report_repair-400x540.jpg 400w, https:\/\/rgvbusinessbuilders.com\/wp-content\/uploads\/2023\/05\/business_credit_report_repair.jpg 549w\" data-sizes=\"auto\" data-orig-sizes=\"(max-width: 640px) 100vw, 400px\" \/><\/a><\/span><\/div><\/div><\/div><\/div><\/div><div class=\"fusion-fullwidth fullwidth-box fusion-builder-row-2 fusion-flex-container nonhundred-percent-fullwidth non-hundred-percent-height-scrolling\" style=\"--awb-border-radius-top-left:0px;--awb-border-radius-top-right:0px;--awb-border-radius-bottom-right:0px;--awb-border-radius-bottom-left:0px;--awb-padding-top:60px;--awb-padding-bottom:60px;--awb-background-color:var(--awb-color5);--awb-background-image:linear-gradient(105deg, var(--awb-color6) 12%,rgba(255,255,255,0) 77%);--awb-flex-wrap:wrap;\" ><div class=\"fusion-builder-row fusion-row fusion-flex-align-items-center fusion-flex-justify-content-center fusion-flex-content-wrap\" style=\"max-width:1248px;margin-left: calc(-4% \/ 2 );margin-right: calc(-4% \/ 2 );\"><div class=\"fusion-layout-column fusion_builder_column fusion-builder-column-2 fusion-flex-column fusion-animated\" style=\"--awb-bg-size:cover;--awb-width-large:15%;--awb-margin-top-large:0px;--awb-spacing-right-large:12.8%;--awb-margin-bottom-large:0px;--awb-spacing-left-large:12.8%;--awb-width-medium:100%;--awb-order-medium:0;--awb-spacing-right-medium:1.92%;--awb-spacing-left-medium:1.92%;--awb-width-small:100%;--awb-order-small:0;--awb-spacing-right-small:1.92%;--awb-spacing-left-small:1.92%;\" data-animationType=\"fadeInUp\" data-animationDuration=\"1.0\" data-animationOffset=\"top-into-view\"><div class=\"fusion-column-wrapper fusion-column-has-shadow fusion-flex-justify-content-flex-start fusion-content-layout-column\"><div class=\"fusion-image-element md-text-align-center sm-text-align-center\" style=\"--awb-max-width:140px;--awb-caption-title-font-family:var(--h2_typography-font-family);--awb-caption-title-font-weight:var(--h2_typography-font-weight);--awb-caption-title-font-style:var(--h2_typography-font-style);--awb-caption-title-size:var(--h2_typography-font-size);--awb-caption-title-transform:var(--h2_typography-text-transform);--awb-caption-title-line-height:var(--h2_typography-line-height);--awb-caption-title-letter-spacing:var(--h2_typography-letter-spacing);\"><span class=\" fusion-imageframe imageframe-none imageframe-2 hover-type-none\"><img decoding=\"async\" width=\"512\" height=\"512\" alt=\"RGV business builders white logo\" title=\"RGV business builders white logo\" src=\"https:\/\/rgvbusinessbuilders.com\/wp-content\/uploads\/2023\/05\/rbv_white.svg\" data-orig-src=\"https:\/\/rgvbusinessbuilders.com\/wp-content\/uploads\/2023\/05\/rbv_white.svg\" class=\"lazyload img-responsive wp-image-1076\" srcset=\"data:image\/svg+xml,%3Csvg%20xmlns%3D%27http%3A%2F%2Fwww.w3.org%2F2000%2Fsvg%27%20width%3D%27512%27%20height%3D%27512%27%20viewBox%3D%270%200%20512%20512%27%3E%3Crect%20width%3D%27512%27%20height%3D%27512%27%20fill-opacity%3D%220%22%2F%3E%3C%2Fsvg%3E\" data-srcset=\"https:\/\/rgvbusinessbuilders.com\/wp-content\/uploads\/rbv_white.svg 150w, https:\/\/rgvbusinessbuilders.com\/wp-content\/uploads\/rbv_white.svg 300w, https:\/\/rgvbusinessbuilders.com\/wp-content\/uploads\/2023\/05\/rbv_white.svg 512w, https:\/\/rgvbusinessbuilders.com\/wp-content\/uploads\/rbv_white.svg 1024w\" data-sizes=\"auto\" data-orig-sizes=\"(max-width: 640px) 100vw, 512px\" \/><\/span><\/div><\/div><\/div><div class=\"fusion-layout-column fusion_builder_column fusion-builder-column-3 fusion_builder_column_3_5 3_5 fusion-flex-column fusion-animated\" style=\"--awb-padding-right:134px;--awb-padding-top-medium:39px;--awb-padding-right-medium:0px;--awb-padding-bottom-medium:27px;--awb-bg-size:cover;--awb-width-large:60%;--awb-margin-top-large:0px;--awb-spacing-right-large:3.2%;--awb-margin-bottom-large:0px;--awb-spacing-left-large:3.68%;--awb-width-medium:80%;--awb-order-medium:0;--awb-spacing-right-medium:2.4%;--awb-spacing-left-medium:2.76%;--awb-width-small:100%;--awb-order-small:0;--awb-spacing-right-small:1.92%;--awb-spacing-left-small:1.92%;\" data-animationType=\"fadeInUp\" data-animationDuration=\"1.0\" data-animationOffset=\"top-into-view\"><div class=\"fusion-column-wrapper fusion-column-has-shadow fusion-flex-justify-content-flex-start fusion-content-layout-column\"><div class=\"fusion-title title fusion-title-1 fusion-sep-none fusion-title-text fusion-title-size-two\" style=\"--awb-text-color:var(--awb-color1);--awb-font-size:40px;\"><h2 class=\"fusion-title-heading title-heading-left md-text-align-center sm-text-align-center fusion-responsive-typography-calculated\" style=\"margin:0;font-size:1em;--fontSize:40;line-height:1.16;\">Estamos esperando para ayudarte<\/h2><\/div><div class=\"fusion-text fusion-text-2 md-text-align-center sm-text-align-center\" style=\"--awb-text-color:var(--awb-color1);\"><p>P\u00f3ngase en contacto con nosotros hoy y comencemos a transformar su negocio desde cero.<\/p>\n<\/div><\/div><\/div><div class=\"fusion-layout-column fusion_builder_column fusion-builder-column-4 fusion-flex-column fusion-animated\" style=\"--awb-bg-size:cover;--awb-width-large:25%;--awb-margin-top-large:0px;--awb-spacing-right-large:7.68%;--awb-margin-bottom-large:0px;--awb-spacing-left-large:7.68%;--awb-width-medium:100%;--awb-order-medium:0;--awb-spacing-right-medium:1.92%;--awb-spacing-left-medium:1.92%;--awb-width-small:100%;--awb-order-small:0;--awb-spacing-right-small:1.92%;--awb-spacing-left-small:1.92%;\" data-animationType=\"fadeInUp\" data-animationDuration=\"1.0\" data-animationOffset=\"top-into-view\"><div class=\"fusion-column-wrapper fusion-column-has-shadow fusion-flex-justify-content-flex-start fusion-content-layout-column\"><div class=\"md-text-align-center sm-text-align-center\"><a class=\"fusion-button button-flat fusion-button-default-size button-custom fusion-button-default button-2 fusion-button-default-span fusion-button-default-type\" style=\"--button_accent_color:var(--awb-color5);--button_border_color:var(--awb-color5);--button_accent_hover_color:var(--awb-color1);--button_border_hover_color:var(--awb-color1);--button_gradient_top_color:var(--awb-color1);--button_gradient_bottom_color:var(--awb-color1);--button_gradient_top_color_hover:hsla(var(--awb-color5-h),var(--awb-color5-s),calc(var(--awb-color5-l) - 6%),var(--awb-color5-a));--button_gradient_bottom_color_hover:hsla(var(--awb-color5-h),var(--awb-color5-s),calc(var(--awb-color5-l) - 6%),var(--awb-color5-a));\" target=\"_self\" href=\"https:\/\/rgvbusinessbuilders.com\/es\/reserve-una-consulta\/\"><span class=\"fusion-button-text awb-button__text awb-button__text--default\">Reserve una consulta<\/span><\/a><\/div><\/div><\/div><\/div><\/div><\/p>\n","protected":false},"excerpt":{"rendered":"","protected":false},"author":1,"featured_media":0,"parent":1126,"menu_order":0,"comment_status":"closed","ping_status":"closed","template":"100-width.php","meta":{"footnotes":""},"class_list":["post-1162","page","type-page","status-publish","hentry"],"_links":{"self":[{"href":"https:\/\/rgvbusinessbuilders.com\/es\/wp-json\/wp\/v2\/pages\/1162","targetHints":{"allow":["GET"]}}],"collection":[{"href":"https:\/\/rgvbusinessbuilders.com\/es\/wp-json\/wp\/v2\/pages"}],"about":[{"href":"https:\/\/rgvbusinessbuilders.com\/es\/wp-json\/wp\/v2\/types\/page"}],"author":[{"embeddable":true,"href":"https:\/\/rgvbusinessbuilders.com\/es\/wp-json\/wp\/v2\/users\/1"}],"replies":[{"embeddable":true,"href":"https:\/\/rgvbusinessbuilders.com\/es\/wp-json\/wp\/v2\/comments?post=1162"}],"version-history":[{"count":0,"href":"https:\/\/rgvbusinessbuilders.com\/es\/wp-json\/wp\/v2\/pages\/1162\/revisions"}],"up":[{"embeddable":true,"href":"https:\/\/rgvbusinessbuilders.com\/es\/wp-json\/wp\/v2\/pages\/1126"}],"wp:attachment":[{"href":"https:\/\/rgvbusinessbuilders.com\/es\/wp-json\/wp\/v2\/media?parent=1162"}],"curies":[{"name":"wp","href":"https:\/\/api.w.org\/{rel}","templated":true}]}}