{"id":1168,"date":"2023-03-11T21:39:00","date_gmt":"2023-03-11T21:39:00","guid":{"rendered":"https:\/\/rgvbusinessbuilders.com\/terminos-de-servicio\/"},"modified":"2023-05-04T15:19:40","modified_gmt":"2023-05-04T15:19:40","slug":"terminos-de-servicio","status":"publish","type":"page","link":"https:\/\/rgvbusinessbuilders.com\/es\/terminos-de-servicio\/","title":{"rendered":"T\u00e9rminos de servicio"},"content":{"rendered":"<div class=\"fusion-fullwidth fullwidth-box fusion-builder-row-1 fusion-flex-container nonhundred-percent-fullwidth non-hundred-percent-height-scrolling\" style=\"--awb-border-radius-top-left:0px;--awb-border-radius-top-right:0px;--awb-border-radius-bottom-right:0px;--awb-border-radius-bottom-left:0px;--awb-flex-wrap:wrap;\" ><div class=\"fusion-builder-row fusion-row fusion-flex-align-items-flex-start fusion-flex-content-wrap\" style=\"max-width:1248px;margin-left: calc(-4% \/ 2 );margin-right: calc(-4% \/ 2 );\"><div class=\"fusion-layout-column fusion_builder_column fusion-builder-column-0 fusion_builder_column_1_1 1_1 fusion-flex-column\" style=\"--awb-bg-size:cover;--awb-width-large:100%;--awb-margin-top-large:0px;--awb-spacing-right-large:1.92%;--awb-margin-bottom-large:0px;--awb-spacing-left-large:1.92%;--awb-width-medium:100%;--awb-spacing-right-medium:1.92%;--awb-spacing-left-medium:1.92%;--awb-width-small:100%;--awb-spacing-right-small:1.92%;--awb-spacing-left-small:1.92%;\"><div class=\"fusion-column-wrapper fusion-flex-justify-content-flex-start fusion-content-layout-column\"><div class=\"fusion-text fusion-text-1\"><div class=\"fusion-title title fusion-title-1 fusion-sep-none fusion-title-text fusion-title-size-one\">\n<h1 class=\"title-heading-left fusion-responsive-typography-calculated\">T\u00e9rminos de servicio<\/h1>\n<\/div>\n<div class=\"fusion-text fusion-text-1\">\n<p>DESCRIPCI\u00d3N GENERAL<\/p>\n<p>Este sitio web es operado por RGV Business Builders LLC. En todo el sitio, los t\u00e9rminos \u201cnosotros\u201d, \u201cnos\u201d y \u201cnuestro\u201d se refieren a RGV Business Builders LLC. RGV Business Builders LLC ofrece este sitio web (<a href=\"https:\/\/rgvbuisinessbuilders.com\">rgvbuisinessbuilders.com<\/a>), que incluye toda la informaci\u00f3n, las herramientas y los servicios disponibles para usted en este sitio, el usuario, est\u00e1 condicionado a la aceptaci\u00f3n de todos los t\u00e9rminos, condiciones, pol\u00edticas y notificaciones aqu\u00ed establecidos.<\/p>\n<p>Al visitar nuestro sitio, convertirse en miembro y\/o comprar algo de nosotros, participa en nuestro \u00abServicio\u00bb y acepta estar sujeto a los siguientes t\u00e9rminos y condiciones (\u00abT\u00e9rminos de servicio\u00bb, \u00abT\u00e9rminos\u00bb), incluidos aquellos adicionales t\u00e9rminos y condiciones y pol\u00edticas a las que se hace referencia en este documento y\/o disponibles mediante un hiperv\u00ednculo. Estos T\u00e9rminos de servicio se aplican a todos los usuarios del sitio, incluidos, entre otros, los usuarios que son navegadores, proveedores, clientes, comerciantes y\/o contribuyentes de contenido.<\/p>\n<p>Lea estos T\u00e9rminos de servicio detenidamente antes de acceder o utilizar nuestro sitio web. Al acceder o utilizar cualquier parte del sitio, usted acepta estar sujeto a estos T\u00e9rminos de servicio. Si no est\u00e1 de acuerdo con todos los t\u00e9rminos y condiciones de este acuerdo, no podr\u00e1 acceder al sitio web ni utilizar ning\u00fan servicio. Si estos T\u00e9rminos de servicio se consideran una oferta, la aceptaci\u00f3n se limita expresamente a estos T\u00e9rminos de servicio.<\/p>\n<p>Cualquier funci\u00f3n o herramienta nueva que se agregue a la tienda actual tambi\u00e9n estar\u00e1 sujeta a los T\u00e9rminos de servicio. Puede revisar la versi\u00f3n m\u00e1s reciente de los T\u00e9rminos de servicio en cualquier momento en esta p\u00e1gina. You can review the most current version of the Terms of Service at any time on this page. Es su responsabilidad revisar esta p\u00e1gina peri\u00f3dicamente para ver si hay cambios. Su uso continuado o acceso al sitio web despu\u00e9s de la publicaci\u00f3n de cualquier cambio constituye la aceptaci\u00f3n de dichos cambios.<\/p>\n<p><strong>SECCI\u00d3N 1 &#8211; T\u00c9RMINOS DE LA TIENDA EN L\u00cdNEA<\/strong><\/p>\n<p>Al aceptar estos T\u00e9rminos de servicio, usted declara que tiene al menos la mayor\u00eda de edad en su estado o provincia de residencia, o que tiene la mayor\u00eda de edad en su estado o provincia de residencia y nos ha dado su consentimiento para permitir que cualquiera de sus dependientes menores use este sitio.<\/p>\n<p>No puede usar nuestros productos para ning\u00fan prop\u00f3sito ilegal o no autorizado ni puede, en el uso del Servicio, violar ninguna ley en su jurisdicci\u00f3n (incluidas, entre otras, las leyes de derechos de autor).<\/p>\n<p>No debe transmitir ning\u00fan gusano o virus ni ning\u00fan c\u00f3digo de naturaleza destructiva.<\/p>\n<p>El incumplimiento o violaci\u00f3n de cualquiera de los T\u00e9rminos resultar\u00e1 en la terminaci\u00f3n inmediata de sus Servicios.<\/p>\n<p><strong>SECCI\u00d3N 2 \u2013 CONDICIONES GENERALES<\/strong><\/p>\n<p>Nos reservamos el derecho de rechazar el servicio a cualquier persona por cualquier motivo en cualquier momento.<\/p>\n<p>Usted comprende que su contenido (sin incluir la informaci\u00f3n de la tarjeta de cr\u00e9dito) puede transferirse sin cifrar e involucrar (a) transmissions over various networks; and (b) cambios para cumplir y adaptarse a los requisitos t\u00e9cnicos de conexi\u00f3n de redes o dispositivos. La informaci\u00f3n de la tarjeta de cr\u00e9dito siempre se cifra durante la transferencia a trav\u00e9s de las redes.<\/p>\n<p>Usted acepta no reproducir, duplicar, copiar, vender, revender ni explotar ninguna parte del Servicio, el uso del Servicio o el acceso al Servicio o cualquier contacto en el sitio web a trav\u00e9s del cual se proporciona el servicio, sin nuestro permiso expreso por escrito. .<\/p>\n<p>Los encabezados utilizados en este acuerdo se incluyen solo por conveniencia y no limitar\u00e1n ni afectar\u00e1n estos T\u00e9rminos.<\/p>\n<p><strong>SECCI\u00d3N 3 &#8211; EXACTITUD, INTEGRIDAD Y OPORTUNIDAD DE LA INFORMACI\u00d3N<\/strong><\/p>\n<p>No somos responsables si la informaci\u00f3n disponible en este sitio no es precisa, completa o actual. El material de este sitio se proporciona solo como informaci\u00f3n general y no debe confiarse en \u00e9l ni utilizarse como la \u00fanica base para tomar decisiones sin consultar fuentes de informaci\u00f3n primarias, m\u00e1s precisas, m\u00e1s completas o m\u00e1s oportunas. Cualquier confianza en el material de este sitio es bajo su propio riesgo.<\/p>\n<p>Ninguna informaci\u00f3n en este sitio web debe interpretarse como asesoramiento legal.<\/p>\n<p>Este sitio puede contener cierta informaci\u00f3n hist\u00f3rica. La informaci\u00f3n hist\u00f3rica, necesariamente, no es actual y se proporciona solo para su referencia. Nos reservamos el derecho de modificar el contenido de este sitio en cualquier momento, pero no tenemos la obligaci\u00f3n de actualizar ninguna informaci\u00f3n en nuestro sitio. Usted acepta que es su responsabilidad monitorear los cambios en nuestro sitio.<\/p>\n<p><strong>SECCI\u00d3N 4 &#8211; MODIFICACIONES AL SERVICIO Y PRECIOS<\/strong><\/p>\n<p>Los precios de nuestros productos est\u00e1n sujetos a cambios sin previo aviso.<\/p>\n<p>Nos reservamos el derecho en cualquier momento de modificar o descontinuar el Servicio (o cualquier parte o contenido del mismo) sin previo aviso en cualquier momento.<\/p>\n<p>No seremos responsables ante usted o cualquier tercero por cualquier modificaci\u00f3n, cambio de precio, suspensi\u00f3n o interrupci\u00f3n del Servicio.<\/p>\n<p><strong>SECCI\u00d3N 5 &#8211; PRODUCTOS O SERVICIOS<\/strong><\/p>\n<p>Ciertos productos o servicios pueden estar disponibles exclusivamente en l\u00ednea a trav\u00e9s del sitio web.<\/p>\n<p>Nos reservamos el derecho, pero no estamos obligados, a limitar las ventas de nuestros productos o Servicios a cualquier persona, regi\u00f3n geogr\u00e1fica o jurisdicci\u00f3n. Podemos ejercer este derecho caso por caso. Nos reservamos el derecho de limitar las cantidades de cualquier producto o servicio que ofrecemos. Todas las descripciones de los productos o los precios de los productos est\u00e1n sujetos a cambios en cualquier momento sin previo aviso, a nuestro exclusivo criterio. Nos reservamos el derecho de descontinuar cualquier producto en cualquier momento. Cualquier oferta de cualquier producto o servicio realizado en este sitio es nula donde est\u00e9 prohibido.<\/p>\n<p>No garantizamos que la calidad de los productos, servicios, informaci\u00f3n u otro material comprado u obtenido por usted satisfaga sus expectativas, o que se corregir\u00e1n los errores en el Servicio.<\/p>\n<p><strong>SECCI\u00d3N 6: EXACTITUD DE LA FACTURACI\u00d3N Y LA INFORMACI\u00d3N DE LA CUENTA<\/strong><\/p>\n<p>Nos reservamos el derecho de rechazar cualquier pedido que realice con nosotros. Podemos, a nuestro exclusivo criterio, limitar o cancelar las cantidades compradas por persona, por hogar o por pedido. Estas restricciones pueden incluir pedidos realizados por o bajo la misma cuenta de cliente, la misma tarjeta de cr\u00e9dito y\/o pedidos que utilizan la misma direcci\u00f3n de facturaci\u00f3n y\/o env\u00edo. En el caso de que hagamos un cambio o cancelemos un pedido, podemos intentar notificarlo poni\u00e9ndonos en contacto con el correo electr\u00f3nico y\/o la direcci\u00f3n de facturaci\u00f3n\/n\u00famero de tel\u00e9fono proporcionado en el momento en que se realiz\u00f3 el pedido. Nos reservamos el derecho de limitar o prohibir pedidos que, a nuestro exclusivo criterio, parezcan realizados por comerciantes, revendedores o distribuidores.<\/p>\n<p>Usted acepta proporcionar informaci\u00f3n de compra y cuenta actual, completa y precisa para todas las compras realizadas en nuestra tienda. Usted acepta actualizar de inmediato su cuenta y otra informaci\u00f3n, incluida su direcci\u00f3n de correo electr\u00f3nico y n\u00fameros de tarjeta de cr\u00e9dito y fechas de vencimiento, para que podamos completar sus transacciones y comunicarnos con usted seg\u00fan sea necesario.<\/p>\n<p><strong>SECCI\u00d3N 7 \u2013 HERRAMIENTAS OPCIONALES<\/strong><\/p>\n<p>Es posible que le proporcionemos acceso a herramientas de terceros sobre las cuales no supervisamos ni tenemos ning\u00fan control ni entrada.<\/p>\n<p>Usted reconoce y acepta que brindamos acceso a dichas herramientas \u00abtal cual\u00bb y \u00abseg\u00fan disponibilidad\u00bb sin garant\u00edas, representaciones o condiciones de ning\u00fan tipo y sin ning\u00fan respaldo. No tendremos ninguna responsabilidad derivada o relacionada con su uso de herramientas opcionales de terceros.<\/p>\n<p>Cualquier uso que haga de las herramientas opcionales que se ofrecen a trav\u00e9s del sitio es bajo su propio riesgo y discreci\u00f3n y debe asegurarse de estar familiarizado y aprobar los t\u00e9rminos en los que las herramientas son proporcionadas por los proveedores externos relevantes.<\/p>\n<p>Tambi\u00e9n podemos, en el futuro, ofrecer nuevos servicios y\/o funciones a trav\u00e9s del sitio web (incluido el lanzamiento de nuevas herramientas y recursos). Tales nuevas caracter\u00edsticas y \/ o servicios tambi\u00e9n estar\u00e1n sujetos a estos T\u00e9rminos de Servicio.<\/p>\n<p><strong>SECCI\u00d3N 8 \u2013 ENLACES DE TERCEROS<\/strong><\/p>\n<p>Ciertos contenidos, productos y servicios disponibles a trav\u00e9s de nuestro Servicio pueden incluir materiales de terceros.<\/p>\n<p>Los enlaces de terceros en este sitio pueden dirigirlo a sitios web de terceros que no est\u00e1n afiliados a nosotros. No somos responsables de examinar o evaluar el contenido o la precisi\u00f3n y no garantizamos ni tendremos ninguna responsabilidad por los materiales o sitios web de terceros, o por cualquier otro material, producto o servicio de terceros.<\/p>\n<p>No somos responsables de ning\u00fan da\u00f1o o perjuicio relacionado con la compra o el uso de bienes, servicios, recursos, contenido o cualquier otra transacci\u00f3n realizada en relaci\u00f3n con sitios web de terceros. Revise detenidamente las pol\u00edticas y pr\u00e1cticas de terceros y aseg\u00farese de comprenderlas antes de realizar cualquier transacci\u00f3n. Las quejas, reclamos, inquietudes o preguntas sobre productos de terceros deben dirigirse al tercero.<\/p>\n<p><strong>SECCI\u00d3N 9: COMENTARIOS DE USUARIOS, RETROALIMENTACI\u00d3N Y OTROS ENV\u00cdOS<\/strong><\/p>\n<p>Si, a petici\u00f3n nuestra, env\u00eda determinados env\u00edos espec\u00edficos (por ejemplo, participaciones en concursos) o sin que lo solicitemos, env\u00eda ideas creativas, sugerencias, propuestas, planes u otros materiales, ya sea en l\u00ednea, por correo electr\u00f3nico, por correo postal o de otro modo. (colectivamente, &#8216;comentarios&#8217;), usted acepta que podemos, en cualquier momento, sin restricciones, editar, copiar, publicar, distribuir, traducir y utilizar de otra manera en cualquier medio cualquier comentario que nos env\u00ede. No estamos ni estaremos bajo ninguna obligaci\u00f3n (1) de mantener ning\u00fan comentario confidencial; (2) pagar una compensaci\u00f3n por cualquier comentario; o (3) para responder a cualquier comentario.<\/p>\n<p>Podemos, pero no tenemos la obligaci\u00f3n de, monitorear, editar o eliminar contenido que, a nuestro exclusivo criterio, determinemos que es ilegal, ofensivo, amenazante, calumnioso, difamatorio, pornogr\u00e1fico, obsceno o de otra manera objetable o que viola la propiedad intelectual de cualquiera de las partes o estos <a href=\"https:\/\/rgvbuisinessbuilders.com\/tos\/\"><b>T\u00e9rminos de servicio<\/b><\/a>. .<\/p>\n<p>Usted acepta que sus comentarios no violar\u00e1n ning\u00fan derecho de terceros, incluidos los derechos de autor, marca registrada, privacidad, personalidad u otro derecho personal o de propiedad. Adem\u00e1s, acepta que sus comentarios no contendr\u00e1n material difamatorio o ilegal, abusivo u obsceno, ni contendr\u00e1n ning\u00fan virus inform\u00e1tico u otro malware que pueda afectar de alguna manera el funcionamiento del Servicio o cualquier sitio web relacionado. No puede utilizar una direcci\u00f3n de correo electr\u00f3nico falsa, pretender ser otra persona que no sea usted mismo o enga\u00f1arnos a nosotros o a terceros en cuanto al origen de cualquier comentario. Usted es el \u00fanico responsable de cualquier comentario que haga y de su exactitud. No asumimos ninguna responsabilidad por los comentarios publicados por usted o cualquier tercero.<\/p>\n<p><strong>SECCI\u00d3N 10 \u2013 INFORMACI\u00d3N PERSONAL<\/strong><\/p>\n<p>Su env\u00edo de informaci\u00f3n personal a trav\u00e9s de la tienda se rige por nuestros <a href=\"https:\/\/rgvbuisinessbuilders.com\/tos\/\"><b>T\u00e9rminos de servicio<\/b><\/a> y <a href=\"https:\/\/rgvbuisinessbuilders.com\/privacy-policy\/\"><strong>Pol\u00edtica de privacidad<\/strong><\/a>.<\/p>\n<p><strong>SECCI\u00d3N 11 &#8211; ERRORES, IMPRECISIONES Y OMISIONES<\/strong><\/p>\n<p>Ocasionalmente, puede haber informaci\u00f3n en nuestro sitio o en el Servicio que contenga errores tipogr\u00e1ficos, inexactitudes u omisiones que puedan estar relacionadas con descripciones de productos, precios, promociones, ofertas, cargos de env\u00edo de productos, tiempos de tr\u00e1nsito y disponibilidad. Nos reservamos el derecho de corregir cualquier error, inexactitud u omisi\u00f3n, y de cambiar o actualizar la informaci\u00f3n o cancelar pedidos si alguna informaci\u00f3n en el Servicio o en cualquier sitio web relacionado es inexacta en cualquier momento sin previo aviso (incluso despu\u00e9s de haber enviado su pedido) .<\/p>\n<p>No asumimos ninguna obligaci\u00f3n de actualizar, modificar o aclarar la informaci\u00f3n en el Servicio o en cualquier sitio web relacionado, incluida, entre otras, la informaci\u00f3n de precios, excepto seg\u00fan lo exija la ley. Ninguna actualizaci\u00f3n espec\u00edfica o fecha de actualizaci\u00f3n aplicada en el Servicio o en cualquier sitio web relacionado debe tomarse como una indicaci\u00f3n de que toda la informaci\u00f3n en el Servicio o en cualquier sitio web relacionado ha sido modificada o actualizada.<\/p>\n<p><strong>SECCI\u00d3N 12 \u2013 USOS PROHIBIDOS<\/strong><\/p>\n<p>Adem\u00e1s de otras prohibiciones establecidas en los T\u00e9rminos de servicio, tiene prohibido usar el sitio o su contenido: (a) para cualquier prop\u00f3sito ilegal; (b) para solicitar a otros que realicen o participen en cualquier acto ilegal; (c) para violar cualquier regulaci\u00f3n, regla, ley u ordenanza local internacional, federal, provincial o estatal; (d) para infringir o violar nuestros derechos de propiedad intelectual o los derechos de propiedad intelectual de otros; (e) acosar, abusar, insultar, da\u00f1ar, difamar, calumniar, menospreciar, intimidar o discriminar por motivos de g\u00e9nero, orientaci\u00f3n sexual, religi\u00f3n, etnia, raza, edad, origen nacional o discapacidad; (f) presentar informaci\u00f3n falsa o enga\u00f1osa; (g) para cargar o transmitir virus o cualquier otro tipo de c\u00f3digo malicioso que se usar\u00e1 o se puede usar de alguna manera que afecte la funcionalidad o el funcionamiento del Servicio o de cualquier sitio web relacionado, otros sitios web o Internet; (h) para recopilar o rastrear la informaci\u00f3n personal de otros; (i) para spam, phishing, pharm, pretext, spider, crawl o scrape; (j) para cualquier prop\u00f3sito obsceno o inmoral; o (k) para interferir o eludir las caracter\u00edsticas de seguridad del Servicio o cualquier sitio web relacionado, otros sitios web o Internet. Nos reservamos el derecho de terminar su uso del Servicio o cualquier sitio web relacionado por violar cualquiera de los usos prohibidos.<\/p>\n<p><strong>SECCI\u00d3N 13 \u2013 RENUNCIA DE GARANT\u00cdAS; LIMITACI\u00d3N DE RESPONSABILIDAD<\/strong><\/p>\n<p>No garantizamos, representamos ni aseguramos que su uso de nuestro servicio ser\u00e1 ininterrumpido, oportuno, seguro o libre de errores.<\/p>\n<p>No garantizamos que los resultados que puedan obtenerse del uso del servicio sean precisos o fiables.<\/p>\n<p>Usted acepta que, de vez en cuando, podemos eliminar el servicio por per\u00edodos de tiempo indefinidos o cancelar el servicio en cualquier momento, sin previo aviso.<\/p>\n<p>Usted acepta expresamente que su uso o incapacidad para usar el servicio es bajo su propio riesgo. El servicio y todos los productos y servicios que se le entregan a trav\u00e9s del servicio se proporcionan (salvo que lo indiquemos expresamente) &#8216;tal cual&#8217; y &#8216;seg\u00fan disponibilidad&#8217; para su uso, sin ninguna representaci\u00f3n, garant\u00eda o condici\u00f3n de ning\u00fan tipo, ya sea expresa o impl\u00edcitas, incluidas todas las garant\u00edas o condiciones impl\u00edcitas de comerciabilidad, calidad comercial, idoneidad para un prop\u00f3sito particular, durabilidad, t\u00edtulo y no infracci\u00f3n.<\/p>\n<p>En ning\u00fan caso, RGV Business Builders LLC, nuestros directores, funcionarios, empleados, afiliados, agentes, contratistas, pasantes, proveedores, proveedores de servicios o otorgantes de licencias ser\u00e1n responsables de ninguna lesi\u00f3n, p\u00e9rdida, reclamo o cualquier da\u00f1o directo, indirecto, incidental, punitivo, da\u00f1os especiales o consecuentes de cualquier tipo, incluidos, entre otros, lucro cesante, p\u00e9rdida de ingresos, p\u00e9rdida de ahorros, p\u00e9rdida de datos, costos de reemplazo o cualquier da\u00f1o similar, ya sea basado en contrato, agravio (incluida la negligencia), responsabilidad estricta o de otra manera, que surja de su uso de cualquiera de los servicios o cualquier producto adquirido utilizando el servicio, o por cualquier otro reclamo relacionado de alguna manera con su uso del servicio o cualquier producto, incluidos, entre otros, cualquier error u omisi\u00f3n en cualquier contenido , o cualquier p\u00e9rdida o da\u00f1o de cualquier tipo incurrido como resultado del uso del servicio o cualquier contenido (o producto) publicado, transmitido o puesto a disposici\u00f3n a trav\u00e9s del servicio, incluso si se le advierte de su posibilidad. Debido a que algunos estados o jurisdicciones no permiten la exclusi\u00f3n o limitaci\u00f3n de responsabilidad por da\u00f1os consecuentes o incidentales, en dichos estados o jurisdicciones, nuestra responsabilidad se limitar\u00e1 al m\u00e1ximo permitido por la ley.<\/p>\n<p><strong>SECCI\u00d3N 14 \u2013 INDEMNIZACI\u00d3N<\/strong><\/p>\n<p>Aceptas indemnizar, defender y mantener indemne RGV Business Builders LLC y nuestras matrices, subsidiarias, afiliados, socios, funcionarios, directores, agentes, contratistas, otorgantes de licencias, proveedores de servicios, subcontratistas, proveedores, internos y empleados, de cualquier reclamo o demanda. , incluidos los honorarios razonables de los abogados, realizados por un tercero debido a su incumplimiento de estos T\u00e9rminos de servicio o de los documentos que incorporan como referencia, o como resultado de su incumplimiento de cualquier ley o de los derechos de un tercero.<\/p>\n<p><strong>SECCI\u00d3N 15 \u2013 DIVISIBILIDAD<\/strong><\/p>\n<p>En el caso de que se determine que alguna disposici\u00f3n de estos T\u00e9rminos de servicio es ilegal, nula o inaplicable, dicha disposici\u00f3n ser\u00e1, no obstante, exigible en la mayor medida permitida por la ley aplicable, y la parte no exigible se considerar\u00e1 separada de estos T\u00e9rminos de servicio. Servicio, dicha determinaci\u00f3n no afectar\u00e1 la validez y exigibilidad de cualquier otra disposici\u00f3n restante.<\/p>\n<p><strong>SECCI\u00d3N 16 \u2013 TERMINACI\u00d3N<\/strong><\/p>\n<p>Las obligaciones y responsabilidades de las partes incurridas antes de la fecha de terminaci\u00f3n sobrevivir\u00e1n a la terminaci\u00f3n de este acuerdo para todos los efectos.<\/p>\n<p>Estos T\u00e9rminos de servicio son efectivos a menos y hasta que usted o nosotros los rescindamos. Puede rescindir estos T\u00e9rminos de servicio en cualquier momento notific\u00e1ndonos que ya no desea usar nuestros Servicios, o cuando deje de usar nuestro sitio.<\/p>\n<p>Si, a nuestro exclusivo criterio, no cumple, o sospechamos que no ha cumplido, con cualquier t\u00e9rmino o disposici\u00f3n de estos T\u00e9rminos de servicio, tambi\u00e9n podemos rescindir este acuerdo en cualquier momento sin previo aviso y usted seguir\u00e1 siendo responsable de todos los montos adeudados. hasta e incluyendo la fecha de terminaci\u00f3n; y\/o en consecuencia puede negarle el acceso a nuestros Servicios (o cualquier parte de los mismos).<\/p>\n<p><strong>SECCI\u00d3N 17 \u2013 TODO EL ACUERDO<\/strong><\/p>\n<p>El hecho de que no ejerzamos o hagamos cumplir cualquier derecho o disposici\u00f3n de estos T\u00e9rminos de servicio no constituir\u00e1 una renuncia a tal derecho o disposici\u00f3n.<\/p>\n<p>Estos T\u00e9rminos de servicio y cualquier pol\u00edtica o regla operativa publicada por nosotros en este sitio o con respecto al Servicio constituyen el acuerdo y entendimiento completo entre usted y nosotros y rigen su uso del Servicio, reemplazando cualquier acuerdo anterior o contempor\u00e1neo, comunicaciones y propuestas. , ya sea oral o escrito, entre usted y nosotros (incluidas, entre otras, las versiones anteriores de los T\u00e9rminos de servicio).<\/p>\n<p>Cualquier ambig\u00fcedad en la interpretaci\u00f3n de estos T\u00e9rminos de servicio no se interpretar\u00e1 en contra de la parte que los redact\u00f3.<\/p>\n<p><strong>SECCI\u00d3N 18 \u2013 LEY APLICABLE<\/strong><\/p>\n<p>Estos T\u00e9rminos de servicio y cualquier acuerdo por separado mediante el cual le brindemos Servicios se regir\u00e1n e interpretar\u00e1n de acuerdo con las leyes del Estado de Texas, Estados Unidos. La elecci\u00f3n del lugar para el juicio legal es el condado de Hidalgo, Texas.<\/p>\n<p><strong>SECCI\u00d3N 19: CAMBIOS EN LOS T\u00c9RMINOS DEL SERVICIO<\/strong><\/p>\n<p>Puede revisar la versi\u00f3n m\u00e1s reciente de los T\u00e9rminos de servicio en cualquier momento en esta p\u00e1gina.<\/p>\n<p>Nos reservamos el derecho, a nuestro exclusivo criterio, de actualizar, cambiar o reemplazar cualquier parte de estos T\u00e9rminos de servicio mediante la publicaci\u00f3n de actualizaciones y cambios en nuestro sitio web. Es su responsabilidad revisar nuestro sitio web peri\u00f3dicamente para ver si hay cambios. Su uso continuo o acceso a nuestro sitio web o al Servicio luego de la publicaci\u00f3n de cualquier cambio a estos T\u00e9rminos de servicio constituye la aceptaci\u00f3n de dichos cambios.<\/p>\n<p><strong>SECCI\u00d3N 20 \u2013 INFORMACI\u00d3N DE CONTACTO<\/strong><\/p>\n<p>Las preguntas sobre los T\u00e9rminos de servicio deben enviarse a cs@rgvbusinessbuilders.com o enviarse por correo a RGV Business Builders LLC 5522 N 10th St, McAllen, TX 78504.<\/p>\n<\/div>\n<\/div><\/div><\/div><\/div><\/div>\n","protected":false},"excerpt":{"rendered":"","protected":false},"author":1,"featured_media":0,"parent":0,"menu_order":0,"comment_status":"closed","ping_status":"open","template":"","meta":{"footnotes":""},"class_list":["post-1168","page","type-page","status-publish","hentry"],"_links":{"self":[{"href":"https:\/\/rgvbusinessbuilders.com\/es\/wp-json\/wp\/v2\/pages\/1168","targetHints":{"allow":["GET"]}}],"collection":[{"href":"https:\/\/rgvbusinessbuilders.com\/es\/wp-json\/wp\/v2\/pages"}],"about":[{"href":"https:\/\/rgvbusinessbuilders.com\/es\/wp-json\/wp\/v2\/types\/page"}],"author":[{"embeddable":true,"href":"https:\/\/rgvbusinessbuilders.com\/es\/wp-json\/wp\/v2\/users\/1"}],"replies":[{"embeddable":true,"href":"https:\/\/rgvbusinessbuilders.com\/es\/wp-json\/wp\/v2\/comments?post=1168"}],"version-history":[{"count":0,"href":"https:\/\/rgvbusinessbuilders.com\/es\/wp-json\/wp\/v2\/pages\/1168\/revisions"}],"wp:attachment":[{"href":"https:\/\/rgvbusinessbuilders.com\/es\/wp-json\/wp\/v2\/media?parent=1168"}],"curies":[{"name":"wp","href":"https:\/\/api.w.org\/{rel}","templated":true}]}}